{"id":2089,"date":"2025-06-17T16:00:58","date_gmt":"2025-06-17T14:00:58","guid":{"rendered":"https:\/\/mosquee-alhouda44800.com\/?page_id=2089"},"modified":"2025-08-10T13:03:23","modified_gmt":"2025-08-10T11:03:23","slug":"convertis","status":"publish","type":"page","link":"https:\/\/mosquee-alhouda44800.com\/?page_id=2089","title":{"rendered":"Convertis"},"content":{"rendered":"\n<h1 class=\"wp-block-heading has-text-align-center\">Bienvenue \u00e0 la mosqu\u00e9e El Houda<\/h1>\n\n\n\n<h2 class=\"wp-block-heading has-text-align-center has-large-font-size\"><strong>As\u2011sal\u00e2m \u2018alaykum wa rahmatull\u00e2h wa barak\u00e2tuh<\/strong><\/h2>\n\n\n\n<p class=\"has-text-align-center\">Nous vous souhaitons la bienvenue dans la grande famille de l\u2019islam. Cette page a \u00e9t\u00e9 con\u00e7ue pour vous accompagner, \u00e0 votre rythme, dans vos premiers pas de foi et de pratique. Ici, vous trouverez des informations fiables, des ressources adapt\u00e9es et des occasions de rencontrer d\u2019autres fr\u00e8res et s\u0153urs qui ont v\u00e9cu la m\u00eame exp\u00e9rience.<\/p>\n\n\n\n<h2 class=\"wp-block-heading has-text-align-center has-large-font-size\">Besoin d\u2019aide ? Contactez-nous<\/h2>\n\n\n\n<p class=\"has-text-align-center\">Un membre de notre \u00e9quipe d\u2019accueil est toujours \u00e0 votre \u00e9coute pour r\u00e9pondre \u00e0 vos questions, vous orienter vers la bonne ressource ou simplement partager un moment fraternel. Choisissez le moyen de contact qui vous convient le mieux ; nous vous r\u00e9pondrons avec plaisir.<\/p>\n\n\n<style>.kb-form input.kadence-blocks-field.verify{opacity:0.0;position:absolute;top:0.0;left:0.0;width:0.0;height:0.0;z-index:-1;}<\/style>\n<div class=\"wp-block-kadence-form kadence-form-2089_c877e3-ea kb-form-wrap kb-form-align-center\"><form class=\"kb-form\" action=\"\" method=\"post\"><div class=\"kadence-blocks-form-field kb-field-desk-width-100 kb-input-size-standard\"><label for=\"kb_field_2089_c877e3-ea_0\">Pr\u00e9nom et Nom <\/label><input name=\"kb_field_0\" id=\"kb_field_2089_c877e3-ea_0\" data-label=\"Pr\u00e9nom et Nom \" type=\"text\" placeholder=\"\" value=\"\" data-type=\"text\" class=\"kb-field kb-text-style-field kb-text-field kb-field-0\"\/><\/div><div class=\"kadence-blocks-form-field kb-form-field-1 kb-field-desk-width-100 kb-input-size-standard\"><label for=\"kb_field_2089_c877e3-ea_1\">Email<span class=\"required\">*<\/span><\/label><input name=\"kb_field_1\" id=\"kb_field_2089_c877e3-ea_1\" data-label=\"Email\" type=\"email\" placeholder=\"\" value=\"\" data-type=\"email\" class=\"kb-field kb-text-style-field kb-email-field kb-field-1\" data-required=\"yes\"\/><\/div><div class=\"kadence-blocks-form-field kb-form-field-2 kb-field-desk-width-100 kb-input-size-standard\"><label for=\"kb_field_2089_c877e3-ea_2\">Message<span class=\"required\">*<\/span><\/label><textarea name=\"kb_field_2\" id=\"kb_field_2089_c877e3-ea_2\" data-label=\"Message\" type=\"textarea\" placeholder=\"\" data-type=\"textarea\" class=\"kb-field kb-text-style-field kb-textarea-field kb-field-2\" rows=\"4\" data-required=\"yes\"><\/textarea><\/div><input type=\"hidden\" name=\"_kb_form_id\" value=\"2089_c877e3-ea\"\/><input type=\"hidden\" name=\"_kb_form_post_id\" value=\"2089\"\/><input type=\"hidden\" name=\"action\" value=\"kb_process_ajax_submit\"\/><label class=\"kadence-verify-label\">Email<input class=\"kadence-blocks-field verify\" type=\"text\" name=\"_kb_verify_email\" autocomplete=\"new-password\" aria-hidden=\"true\" placeholder=\"Email\" tabindex=\"-1\" data-1p-ignore=\"true\" data-lpignore=\"true\" \/><\/label><div class=\"kadence-blocks-form-field kb-submit-field kb-field-desk-width-100\"><button class=\"kb-forms-submit button kb-button-size-standard kb-button-width-auto\">Envoyer<\/button><\/div><\/form><\/div>\n<noscript><div class=\"kadence-blocks-form-message kadence-blocks-form-warning\">Veuillez activer JavaScript dans votre navigateur pour envoyer le formulaire.<\/div><style>.kadence-form-2089_c877e3-ea .kadence-blocks-form-field.kb-submit-field { display: none; }<\/style><\/noscript>\n\n\n<p>                                                                                                    <strong>Rejoignez notre groupe<\/strong><\/p>\n\n\n\n<div class=\"wp-block-group\"><div class=\"wp-block-group__inner-container is-layout-constrained wp-block-group-is-layout-constrained\"><style>.kadence-column2089_fdf838-88 > .kt-inside-inner-col,.kadence-column2089_fdf838-88 > .kt-inside-inner-col:before{border-top-left-radius:0px;border-top-right-radius:0px;border-bottom-right-radius:0px;border-bottom-left-radius:0px;}.kadence-column2089_fdf838-88 > .kt-inside-inner-col{column-gap:var(--global-kb-gap-sm, 1rem);}.kadence-column2089_fdf838-88 > .kt-inside-inner-col{flex-direction:column;}.kadence-column2089_fdf838-88 > .kt-inside-inner-col > .aligncenter{width:100%;}.kadence-column2089_fdf838-88 > .kt-inside-inner-col:before{opacity:0.3;}.kadence-column2089_fdf838-88{position:relative;}@media all and (max-width: 1024px){.kadence-column2089_fdf838-88 > .kt-inside-inner-col{flex-direction:column;justify-content:center;}}@media all and (max-width: 767px){.kadence-column2089_fdf838-88 > .kt-inside-inner-col{flex-direction:column;justify-content:center;}}<\/style>\n<div class=\"wp-block-kadence-column kadence-column2089_fdf838-88\"><div class=\"kt-inside-inner-col\">\n<figure class=\"wp-block-gallery has-nested-images columns-default is-cropped wp-block-gallery-1 is-layout-flex wp-block-gallery-is-layout-flex\">\n<figure class=\"wp-block-image size-large\"><img loading=\"lazy\" decoding=\"async\" width=\"724\" height=\"1024\" data-id=\"2131\" src=\"https:\/\/mosquee-alhouda44800.com\/wp-content\/uploads\/2025\/08\/NORA-4_page-0001-2-724x1024.jpg\" alt=\"\" class=\"wp-image-2131\" srcset=\"https:\/\/mosquee-alhouda44800.com\/wp-content\/uploads\/2025\/08\/NORA-4_page-0001-2-724x1024.jpg 724w, https:\/\/mosquee-alhouda44800.com\/wp-content\/uploads\/2025\/08\/NORA-4_page-0001-2-212x300.jpg 212w, https:\/\/mosquee-alhouda44800.com\/wp-content\/uploads\/2025\/08\/NORA-4_page-0001-2-768x1087.jpg 768w, https:\/\/mosquee-alhouda44800.com\/wp-content\/uploads\/2025\/08\/NORA-4_page-0001-2-1085x1536.jpg 1085w, https:\/\/mosquee-alhouda44800.com\/wp-content\/uploads\/2025\/08\/NORA-4_page-0001-2.jpg 1240w\" sizes=\"auto, (max-width: 724px) 100vw, 724px\" \/><\/figure>\n<\/figure>\n<\/div><\/div>\n<\/div><\/div>\n","protected":false},"excerpt":{"rendered":"<p>Bienvenue \u00e0 la mosqu\u00e9e El Houda As\u2011sal\u00e2m \u2018alaykum wa rahmatull\u00e2h wa barak\u00e2tuh Nous vous souhaitons la bienvenue dans la grande famille de l\u2019islam. Cette page a \u00e9t\u00e9 con\u00e7ue pour vous accompagner, \u00e0 votre rythme, dans vos premiers pas de foi et de pratique. Ici, vous trouverez des informations fiables, des ressources adapt\u00e9es et des occasions&#8230;<\/p>\n","protected":false},"author":1,"featured_media":0,"parent":0,"menu_order":0,"comment_status":"closed","ping_status":"closed","template":"","meta":{"_kadence_starter_templates_imported_post":false,"_kad_post_transparent":"","_kad_post_title":"","_kad_post_layout":"","_kad_post_sidebar_id":"","_kad_post_content_style":"","_kad_post_vertical_padding":"","_kad_post_feature":"","_kad_post_feature_position":"","_kad_post_header":false,"_kad_post_footer":false,"footnotes":""},"class_list":["post-2089","page","type-page","status-publish","hentry"],"_links":{"self":[{"href":"https:\/\/mosquee-alhouda44800.com\/index.php?rest_route=\/wp\/v2\/pages\/2089","targetHints":{"allow":["GET"]}}],"collection":[{"href":"https:\/\/mosquee-alhouda44800.com\/index.php?rest_route=\/wp\/v2\/pages"}],"about":[{"href":"https:\/\/mosquee-alhouda44800.com\/index.php?rest_route=\/wp\/v2\/types\/page"}],"author":[{"embeddable":true,"href":"https:\/\/mosquee-alhouda44800.com\/index.php?rest_route=\/wp\/v2\/users\/1"}],"replies":[{"embeddable":true,"href":"https:\/\/mosquee-alhouda44800.com\/index.php?rest_route=%2Fwp%2Fv2%2Fcomments&post=2089"}],"version-history":[{"count":17,"href":"https:\/\/mosquee-alhouda44800.com\/index.php?rest_route=\/wp\/v2\/pages\/2089\/revisions"}],"predecessor-version":[{"id":2134,"href":"https:\/\/mosquee-alhouda44800.com\/index.php?rest_route=\/wp\/v2\/pages\/2089\/revisions\/2134"}],"wp:attachment":[{"href":"https:\/\/mosquee-alhouda44800.com\/index.php?rest_route=%2Fwp%2Fv2%2Fmedia&parent=2089"}],"curies":[{"name":"wp","href":"https:\/\/api.w.org\/{rel}","templated":true}]}}